{"id":2221,"date":"2014-07-21T19:24:04","date_gmt":"2014-07-21T19:24:04","guid":{"rendered":"https:\/\/www.prekladymartina.cz\/anglictina\/"},"modified":"2021-12-26T14:20:09","modified_gmt":"2021-12-26T14:20:09","slug":"engels","status":"publish","type":"page","link":"https:\/\/www.prekladymartina.cz\/nl\/engels\/","title":{"rendered":"Engels"},"content":{"rendered":"[et_pb_section fb_built=&#8221;1&#8243; admin_label=&#8221;section&#8221; _builder_version=&#8221;3.22&#8243; global_colors_info=&#8221;{}&#8221; theme_builder_area=&#8221;post_content&#8221;][et_pb_row admin_label=&#8221;row&#8221; _builder_version=&#8221;3.25&#8243; background_size=&#8221;initial&#8221; background_position=&#8221;top_left&#8221; background_repeat=&#8221;repeat&#8221; global_colors_info=&#8221;{}&#8221; theme_builder_area=&#8221;post_content&#8221;][et_pb_column type=&#8221;4_4&#8243; _builder_version=&#8221;3.25&#8243; custom_padding=&#8221;|||&#8221; global_colors_info=&#8221;{}&#8221; custom_padding__hover=&#8221;|||&#8221; theme_builder_area=&#8221;post_content&#8221;][et_pb_text admin_label=&#8221;Text&#8221; _builder_version=&#8221;3.27.4&#8243; background_size=&#8221;initial&#8221; background_position=&#8221;top_left&#8221; background_repeat=&#8221;repeat&#8221; global_colors_info=&#8221;{}&#8221; theme_builder_area=&#8221;post_content&#8221;]\n<table style=\"height: 313px;\" width=\"870\">\n<tbody>\n<tr>\n<td valign=\"top\" width=\"70\"><span style=\"color: #000000;\"><img loading=\"lazy\" decoding=\"async\" class=\"alignleft wp-image-392\" src=\"http:\/\/www.prekladymartina.cz\/wp-content\/uploads\/usa.png\" alt=\"usa\" width=\"62\" height=\"64\" srcset=\"https:\/\/www.prekladymartina.cz\/wp-content\/uploads\/usa.png 89w, https:\/\/www.prekladymartina.cz\/wp-content\/uploads\/usa-42x42.png 42w\" sizes=\"(max-width: 62px) 100vw, 62px\" \/> <img loading=\"lazy\" decoding=\"async\" class=\"alignleft wp-image-393\" src=\"http:\/\/www.prekladymartina.cz\/wp-content\/uploads\/vb.png\" alt=\"vb\" width=\"65\" height=\"64\" srcset=\"https:\/\/www.prekladymartina.cz\/wp-content\/uploads\/vb.png 93w, https:\/\/www.prekladymartina.cz\/wp-content\/uploads\/vb-42x42.png 42w\" sizes=\"(max-width: 65px) 100vw, 65px\" \/><\/span><\/td>\n<td>\n<h3><span style=\"color: #000000;\">In het Engels bieden wij:<img loading=\"lazy\" decoding=\"async\" class=\"alignright wp-image-898\" src=\"http:\/\/www.prekladymartina.cz\/wp-content\/uploads\/IMG_6581.jpg\" alt=\"IMG_6581\" width=\"250\" height=\"403\" srcset=\"https:\/\/www.prekladymartina.cz\/wp-content\/uploads\/IMG_6581.jpg 496w, https:\/\/www.prekladymartina.cz\/wp-content\/uploads\/IMG_6581-186x300.jpg 186w\" sizes=\"(max-width: 250px) 100vw, 250px\" \/><\/span><\/h3>\n<p style=\"text-align: left;\"><span style=\"color: #000000;\"><strong>[su_icon icon=&#8221;icon: check&#8221; background=&#8221;#ffffff&#8221; color=&#8221;#a3c95c;&#8221; text_color=&#8221;#a3c95c;&#8221; size=&#8221;20&#8243; text_size=&#8221;14&#8243;][\/su_icon] <a href=\"http:\/\/www.prekladymartina.cz\/preklady-prekladatelske-sluzby\/\" style=\"color: #000000;\"><\/a><\/strong><a href=\"https:\/\/www.prekladymartina.cz\/preklady-prekladatelske-sluzby\/\" style=\"color: #000000;\"><strong>vertalingen<\/strong><\/a><\/span><\/p>\n<p style=\"text-align: left;\"><span style=\"color: #000000;\"><strong>[su_icon icon=&#8221;icon: check&#8221; background=&#8221;#ffffff&#8221; color=&#8221;#a3c95c;&#8221; text_color=&#8221;#a3c95c;&#8221; size=&#8221;20&#8243; text_size=&#8221;14&#8243;][\/su_icon] <\/strong><a href=\"https:\/\/www.prekladymartina.cz\/tlumoceni\/\" style=\"color: #000000;\"><strong>tolken<\/strong><\/a><strong><\/strong><\/span><\/p>\n<p style=\"text-align: left;\"><span style=\"color: #000000;\"><strong>[su_icon icon=&#8221;icon: check&#8221; background=&#8221;#ffffff&#8221; color=&#8221;#a3c95c;&#8221; text_color=&#8221;#a3c95c;&#8221; size=&#8221;20&#8243; text_size=&#8221;14&#8243;][\/su_icon] <\/strong><a href=\"https:\/\/www.prekladymartina.cz\/expresni-korektura\/\" style=\"color: #000000;\"><strong>revisies<\/strong><\/a><\/span><\/p>\n<p style=\"text-align: left;\"><span style=\"color: #000000;\"><strong>[su_icon icon=&#8221;icon: check&#8221; background=&#8221;#ffffff&#8221; color=&#8221;#a3c95c;&#8221; text_color=&#8221;#a3c95c;&#8221; size=&#8221;20&#8243; text_size=&#8221;14&#8243;][\/su_icon]\u00a0 <\/strong><a href=\"https:\/\/www.prekladymartina.cz\/expresni-sluzby\/\" style=\"color: #000000;\"><strong>spoedopdrachten<\/strong><\/a><\/span><\/p>\n<p><span style=\"color: #000000;\"><strong>[su_icon icon=&#8221;icon: check&#8221; background=&#8221;#ffffff&#8221; color=&#8221;#a3c95c;&#8221; text_color=&#8221;#a3c95c;&#8221; size=&#8221;20&#8243; text_size=&#8221;14&#8243;][\/su_icon] <a href=\"https:\/\/www.prekladymartina.cz\/soudni-preklady\/\" style=\"color: #000000;\">be\u00ebdigde vertalingen<\/a>\u00a0en\u00a0<a href=\"https:\/\/www.prekladymartina.cz\/soudni-tlumoceni\/\" style=\"color: #000000;\">be\u00ebdigd tolken<\/a><\/strong><\/span><\/p>\n<\/td>\n<\/tr>\n<\/tbody>\n<\/table>\n<h4>Vertalingen van het Engels naar het Tsjechisch<\/h4>\n<p>Vertalingen van het Engels naar het Tsjechisch behoren tot de <strong>basis van ons aanbod<\/strong>. Ze omvat niet alleen de vertaling zelf, maar ook een grammaticale en stilistische revisie. De vertalers beschikken over waardevolle ervaring met allerlei soorten teksten \u2013 van technische tot commerci\u00eble en algemene \u2013 en weten goed raad met bijzondere wensen op het gebied van stijl.<\/p>\n<p>Wij zijn erg flexibel en zijn in staat op grond van uw eisen een vertaling op maat te leveren.<\/p>\n<h4>Vertalingen van het Tsjechisch naar het Engels<\/h4>\n<p>Veel Tsjechische bedrijven breiden uit naar het buitenland en bieden hun producten en diensten in vreemde talen aan, waarvan het vaakst in het Engels. En daarom zijn wij er voor u.<strong> Wij bieden u een hoogwaardige vertaling in het Engels<\/strong> waarmee u de wereld kunt veroveren. Wij vertalen websites, productomschrijvingen, technische documentatie, catalogi enz. Onze moedertaalspreker met jarenlange ervaring (ruim 6 jaar) zorgt ervoor dat uw vertalingen van hoog niveau en vlot leesbaar zijn. Dit alles met het doel een vertaling te leveren die voldoet aan uw hoge eisen.<\/p>\n<p><span><a href=\"https:\/\/www.prekladymartina.cz\/historie-anglictiny-strucne-a-jasne\/\"><strong>Hier<\/strong><\/a><\/span> kunt u iets lezen over de geschiedenis van de Engelse taal om uw kennis uit te breiden.<\/p>\n<h3><img loading=\"lazy\" decoding=\"async\" class=\"aligncenter wp-image-893\" src=\"http:\/\/www.prekladymartina.cz\/wp-content\/uploads\/11.jpg\" alt=\"11\" width=\"200\" height=\"200\" srcset=\"https:\/\/www.prekladymartina.cz\/wp-content\/uploads\/11.jpg 400w, https:\/\/www.prekladymartina.cz\/wp-content\/uploads\/11-150x150.jpg 150w, https:\/\/www.prekladymartina.cz\/wp-content\/uploads\/11-300x300.jpg 300w, https:\/\/www.prekladymartina.cz\/wp-content\/uploads\/11-42x42.jpg 42w\" sizes=\"(max-width: 200px) 100vw, 200px\" \/><\/h3>\n[\/et_pb_text][\/et_pb_column][\/et_pb_row][\/et_pb_section]\n","protected":false},"excerpt":{"rendered":"<p>In het Engels bieden wij: [su_icon icon=&#8221;icon: check&#8221; background=&#8221;#ffffff&#8221; color=&#8221;#a3c95c;&#8221; text_color=&#8221;#a3c95c;&#8221; size=&#8221;20&#8243; text_size=&#8221;14&#8243;][\/su_icon] vertalingen [su_icon icon=&#8221;icon: check&#8221; background=&#8221;#ffffff&#8221; color=&#8221;#a3c95c;&#8221; text_color=&#8221;#a3c95c;&#8221; size=&#8221;20&#8243; text_size=&#8221;14&#8243;][\/su_icon] tolken [su_icon icon=&#8221;icon: check&#8221; background=&#8221;#ffffff&#8221; color=&#8221;#a3c95c;&#8221; text_color=&#8221;#a3c95c;&#8221; size=&#8221;20&#8243; text_size=&#8221;14&#8243;][\/su_icon] revisies [su_icon icon=&#8221;icon: check&#8221; background=&#8221;#ffffff&#8221; color=&#8221;#a3c95c;&#8221; text_color=&#8221;#a3c95c;&#8221; size=&#8221;20&#8243; text_size=&#8221;14&#8243;][\/su_icon]\u00a0 spoedopdrachten [su_icon icon=&#8221;icon: check&#8221; background=&#8221;#ffffff&#8221; color=&#8221;#a3c95c;&#8221; text_color=&#8221;#a3c95c;&#8221; size=&#8221;20&#8243; text_size=&#8221;14&#8243;][\/su_icon] be\u00ebdigde vertalingen\u00a0en\u00a0be\u00ebdigd tolken Vertalingen van het [&hellip;]<\/p>\n","protected":false},"author":2,"featured_media":0,"parent":0,"menu_order":0,"comment_status":"closed","ping_status":"open","template":"","meta":{"_et_pb_use_builder":"on","_et_pb_old_content":"<table style=\"height: 313px;\" width=\"870\">\r\n<tbody>\r\n<tr>\r\n<td valign=\"top\" width=\"70\"><img class=\"alignleft wp-image-392\" src=\"http:\/\/www.prekladymartina.cz\/wp-content\/uploads\/usa.png\" alt=\"usa\" width=\"62\" height=\"64\" \/> <img class=\"alignleft wp-image-393\" src=\"http:\/\/www.prekladymartina.cz\/wp-content\/uploads\/vb.png\" alt=\"vb\" width=\"65\" height=\"64\" \/><\/td>\r\n<td>\r\n<h3><span style=\"color: #a3c855;\"><b>V angli\u010dtin\u011b v\u00e1m nab\u00edz\u00edme<\/b>:<\/span><img class=\"alignright wp-image-898\" src=\"http:\/\/www.prekladymartina.cz\/wp-content\/uploads\/IMG_6581.jpg\" alt=\"IMG_6581\" width=\"250\" height=\"403\" \/><\/h3>\r\n<p style=\"text-align: left;\"><span style=\"color: #555;\"><strong><span style=\"color: #a3c85a;\">[su_icon icon=\"icon: check\" background=\"#ffffff\" color=\"#a3c95c;\" text_color=\"#a3c95c;\" size=\"20\" text_size=\"14\"][\/su_icon]<\/span><a href=\"http:\/\/www.prekladymartina.cz\/preklady-prekladatelske-sluzby\/\"><span style=\"color: #555555;\"> p\u0159eklady<\/span><\/a><\/strong><\/span><\/p>\r\n<p style=\"text-align: left;\"><span style=\"color: #555;\"><strong><span style=\"color: #a3c855;\">[su_icon icon=\"icon: check\" background=\"#ffffff\" color=\"#a3c95c;\" text_color=\"#a3c95c;\" size=\"20\" text_size=\"14\"][\/su_icon]<\/span> <a href=\"http:\/\/www.prekladymartina.cz\/tlumoceni\/\"><span style=\"color: #555555;\">tlumo\u010den\u00ed<\/span><\/a><\/strong><\/span><\/p>\r\n<p style=\"text-align: left;\"><span style=\"color: #555;\"><strong><span style=\"color: #a3c855;\">[su_icon icon=\"icon: check\" background=\"#ffffff\" color=\"#a3c95c;\" text_color=\"#a3c95c;\" size=\"20\" text_size=\"14\"][\/su_icon]<\/span> <a href=\"http:\/\/www.prekladymartina.cz\/expresni-korektura\/\"><span style=\"color: #555555;\">korektury<\/span><\/a><\/strong><\/span><\/p>\r\n<p style=\"text-align: left;\"><span style=\"color: #555;\"><strong><span style=\"color: #a3c855;\">[su_icon icon=\"icon: check\" background=\"#ffffff\" color=\"#a3c95c;\" text_color=\"#a3c95c;\" size=\"20\" text_size=\"14\"][\/su_icon]<\/span> <a href=\"http:\/\/www.prekladymartina.cz\/expresni-sluzby\/\"><span style=\"color: #555555;\">expresn\u00ed slu\u017eby<\/span><\/a><\/strong><\/span><\/p>\r\n\r\n<span style=\"color: #555;\"><strong><span style=\"color: #a3c855;\">[su_icon icon=\"icon: check\" background=\"#ffffff\" color=\"#a3c95c;\" text_color=\"#a3c95c;\" size=\"20\" text_size=\"14\"][\/su_icon]<\/span> <a href=\"http:\/\/www.prekladymartina.cz\/soudni-preklady\/\"><span style=\"color: #555555;\">soudn\u00ed p\u0159eklady<\/span><\/a> a <a href=\"http:\/\/www.prekladymartina.cz\/soudni-tlumoceni\/\"><span style=\"color: #555555;\">soudn\u00ed tlumo\u010den\u00ed<\/span><\/a><\/strong><\/span><\/td>\r\n<\/tr>\r\n<\/tbody>\r\n<\/table>\r\n<h4><span style=\"color: #a3c95c;\"><b>P\u0159eklady z angli\u010dtiny do \u010de\u0161tiny<\/b><\/span><\/h4>\r\nP\u0159eklady z Anglick\u00e9ho do \u010cesk\u00e9ho jazyka pat\u0159\u00ed mezi <b>z\u00e1kladn\u00ed slu\u017eby v na\u0161\u00ed nab\u00eddce<\/b>.\u00a0 P\u0159ekladatel zab\u00fdvaj\u00edc\u00ed se t\u00edmto p\u0159ekladem m\u00e1 cenn\u00e9 zku\u0161enosti nejen s nejr\u016fzn\u011bj\u0161\u00edmi typy text\u016f \u2013 od technick\u00fdch po komer\u010dn\u00ed, \u010di obecn\u00e9 texty, ale tak\u00e9 s rozd\u00edlnou stylistikou, kterou z\u00e1kazn\u00edci vy\u017eaduj\u00ed. <b>Jsme schopni se v\u00e1m maxim\u00e1ln\u011b p\u0159izp\u016fsobit<\/b> a na z\u00e1klad\u011b va\u0161ich po\u017eadavk\u016f vytvo\u0159it p\u0159eklad na m\u00edru.\r\n<h4><span style=\"color: #a3c95c;\"><b>P\u0159eklady z \u010de\u0161tiny do angli\u010dtiny<\/b><\/span><\/h4>\r\nMnoho \u010desk\u00fdch firem expanduje do zahrani\u010d\u00ed a nab\u00edz\u00ed sv\u00e9 produkty a slu\u017eby v ciz\u00edm jazyce a to nej\u010dast\u011bji v Anglick\u00e9m. A proto jsme tu my<b>. Poskytneme v\u00e1m kvalitn\u00ed p\u0159eklad do Anglick\u00e9ho jazyka<\/b>, d\u00edky kter\u00e9mu se otev\u0159ete sv\u011btu. P\u0159ekl\u00e1d\u00e1me weby, produktov\u00e9 popisky, dokumentace, katalogov\u00e9 listy ad. N\u00e1\u0161 rodil\u00fd mluv\u010d\u00ed s dlouhodobou zku\u0161enost\u00ed (v\u00edce ne\u017e 6 let) se postar\u00e1 o to, aby va\u0161e p\u0159eklady byly kvalitn\u00ed a \u010dtiv\u00e9. C\u00edlem je dodat p\u0159eklad, kter\u00fd spln\u00ed va\u0161e nejn\u00e1ro\u010dn\u011bj\u0161\u00ed po\u017eadavky. P\u0159e\u010dt\u011bte si n\u011bco o historii Anglick\u00e9ho jazyka a roz\u0161i\u0159te sv\u00e9 v\u011bdomosti<strong><a href=\"http:\/\/www.prekladymartina.cz\/historie-anglictiny-strucne-a-jasne\/\"> zde<\/a><\/strong>.\r\n<h3><img class=\"aligncenter wp-image-893\" src=\"http:\/\/www.prekladymartina.cz\/wp-content\/uploads\/11.jpg\" alt=\"11\" width=\"200\" height=\"200\" \/><\/h3>","_et_gb_content_width":"","footnotes":""},"class_list":["post-2221","page","type-page","status-publish","hentry"],"aioseo_notices":[],"_links":{"self":[{"href":"https:\/\/www.prekladymartina.cz\/nl\/wp-json\/wp\/v2\/pages\/2221","targetHints":{"allow":["GET"]}}],"collection":[{"href":"https:\/\/www.prekladymartina.cz\/nl\/wp-json\/wp\/v2\/pages"}],"about":[{"href":"https:\/\/www.prekladymartina.cz\/nl\/wp-json\/wp\/v2\/types\/page"}],"author":[{"embeddable":true,"href":"https:\/\/www.prekladymartina.cz\/nl\/wp-json\/wp\/v2\/users\/2"}],"replies":[{"embeddable":true,"href":"https:\/\/www.prekladymartina.cz\/nl\/wp-json\/wp\/v2\/comments?post=2221"}],"version-history":[{"count":6,"href":"https:\/\/www.prekladymartina.cz\/nl\/wp-json\/wp\/v2\/pages\/2221\/revisions"}],"predecessor-version":[{"id":2492,"href":"https:\/\/www.prekladymartina.cz\/nl\/wp-json\/wp\/v2\/pages\/2221\/revisions\/2492"}],"wp:attachment":[{"href":"https:\/\/www.prekladymartina.cz\/nl\/wp-json\/wp\/v2\/media?parent=2221"}],"curies":[{"name":"wp","href":"https:\/\/api.w.org\/{rel}","templated":true}]}}