{"id":2464,"date":"2021-12-26T13:56:08","date_gmt":"2021-12-26T13:56:08","guid":{"rendered":"https:\/\/www.prekladymartina.cz\/?page_id=2464"},"modified":"2021-12-26T13:56:08","modified_gmt":"2021-12-26T13:56:08","slug":"beedigd-tolken","status":"publish","type":"page","link":"https:\/\/www.prekladymartina.cz\/nl\/beedigd-tolken\/","title":{"rendered":"Be\u00ebdigd tolken"},"content":{"rendered":"<p><img loading=\"lazy\" decoding=\"async\" class=\"alignright wp-image-966\" src=\"http:\/\/www.prekladymartina.cz\/wp-content\/uploads\/IMG_6666.jpg\" alt=\"IMG_6666\" width=\"250\" height=\"647\" srcset=\"https:\/\/www.prekladymartina.cz\/wp-content\/uploads\/IMG_6666.jpg 309w, https:\/\/www.prekladymartina.cz\/wp-content\/uploads\/IMG_6666-116x300.jpg 116w\" sizes=\"(max-width: 250px) 100vw, 250px\" \/><\/p>\n<p>Be\u00ebdigd tolken is een door de staat gereguleerde en gecontroleerde dienst, die alleen kan worden uitgevoerd door tolken die <strong>geregistreerd staan bij een rechtbank in Tsjechi\u00eb.<\/strong><\/p>\n<p>Ons vertaalbureau werkt samen met be\u00ebdigde tolken voor verschillende talen die in heel Tsjechi\u00eb inzetbaar zijn. Ook is er de mogelijkheid om <strong>samen met de tolk naar het buitenland af te reizen<\/strong>, waar u gebruik kunt maken van zijn of haar diensten zoals vooraf overeengekomen.<\/p>\n<p>Van een be\u00ebdigde tolk wordt bijvoorbeeld gebruikgemaakt bij een huwelijk met een buitenlander, rechtszittingen, een bezoek aan een notaris en in het algemeen bij <strong>belangrijke afspraken met overheidsinstanties in binnen- en buitenland<\/strong>.<\/p>\n<p><strong>Wat zijn de belangrijkste kenmerken van be\u00ebdigd tolken vergeleken met simultaan en consecutief tolken?<\/strong><\/p>\n<ul>\n<li>Het vertaalde betoog mag niet afwijken van het originele betoog en dus geen wijzigingen bevatten.<\/li>\n<li>De tolk is verplicht om de personen voor wie hij of zij vertaalt tijdens het tolken regelmatig te vragen of alles duidelijk is.<\/li>\n<li>Het is absoluut noodzakelijk dat de tolk onpartijdig en onafhankelijk is (vooral belangrijk bij rechtszittingen).<\/li>\n<\/ul>\n<p>Hebt u een be\u00ebdigde tolk nodig? Neem dan contact op met onze <strong>klantenservice<\/strong> (24\/7) om alle details door te spreken. Als er haast bij is, maak dan gebruik van <strong>spoedtolkopdrachten<\/strong>. U krijgt dan voorrang bij het toewijzen van een tolk, waardoor dit veel sneller gebeurt.<\/p>\n","protected":false},"excerpt":{"rendered":"<p>Be\u00ebdigd tolken is een door de staat gereguleerde en gecontroleerde dienst, die alleen kan worden uitgevoerd door tolken die geregistreerd staan bij een rechtbank in Tsjechi\u00eb. Ons vertaalbureau werkt samen met be\u00ebdigde tolken voor verschillende talen die in heel Tsjechi\u00eb inzetbaar zijn. Ook is er de mogelijkheid om samen met de tolk naar het buitenland [&hellip;]<\/p>\n","protected":false},"author":6,"featured_media":0,"parent":0,"menu_order":0,"comment_status":"closed","ping_status":"open","template":"","meta":{"_et_pb_use_builder":"","_et_pb_old_content":"","_et_gb_content_width":"","footnotes":""},"class_list":["post-2464","page","type-page","status-publish","hentry"],"aioseo_notices":[],"_links":{"self":[{"href":"https:\/\/www.prekladymartina.cz\/nl\/wp-json\/wp\/v2\/pages\/2464","targetHints":{"allow":["GET"]}}],"collection":[{"href":"https:\/\/www.prekladymartina.cz\/nl\/wp-json\/wp\/v2\/pages"}],"about":[{"href":"https:\/\/www.prekladymartina.cz\/nl\/wp-json\/wp\/v2\/types\/page"}],"author":[{"embeddable":true,"href":"https:\/\/www.prekladymartina.cz\/nl\/wp-json\/wp\/v2\/users\/6"}],"replies":[{"embeddable":true,"href":"https:\/\/www.prekladymartina.cz\/nl\/wp-json\/wp\/v2\/comments?post=2464"}],"version-history":[{"count":2,"href":"https:\/\/www.prekladymartina.cz\/nl\/wp-json\/wp\/v2\/pages\/2464\/revisions"}],"predecessor-version":[{"id":2466,"href":"https:\/\/www.prekladymartina.cz\/nl\/wp-json\/wp\/v2\/pages\/2464\/revisions\/2466"}],"wp:attachment":[{"href":"https:\/\/www.prekladymartina.cz\/nl\/wp-json\/wp\/v2\/media?parent=2464"}],"curies":[{"name":"wp","href":"https:\/\/api.w.org\/{rel}","templated":true}]}}